{"id":740,"date":"2022-07-14T16:33:44","date_gmt":"2022-07-14T16:33:44","guid":{"rendered":"https:\/\/tezza.homes\/?page_id=740"},"modified":"2022-07-26T14:36:01","modified_gmt":"2022-07-26T14:36:01","slug":"administracion-de-edificios","status":"publish","type":"page","link":"https:\/\/tezza.homes\/?page_id=740","title":{"rendered":"Administraci\u00f3n de Edificios"},"content":{"rendered":"\t\t<div data-elementor-type=\"wp-page\" data-elementor-id=\"740\" class=\"elementor elementor-740\" data-elementor-settings=\"{&quot;ha_cmc_init_switcher&quot;:&quot;no&quot;}\">\n\t\t\t\t\t\t<section class=\"elementor-section elementor-top-section elementor-element elementor-element-c56ccff elementor-section-full_width elementor-section-height-default elementor-section-height-default\" data-id=\"c56ccff\" data-element_type=\"section\" data-settings=\"{&quot;_ha_eqh_enable&quot;:false}\">\n\t\t\t\t\t\t<div class=\"elementor-container elementor-column-gap-no\">\n\t\t\t\t\t<div class=\"elementor-column elementor-col-100 elementor-top-column elementor-element elementor-element-ebb81b9\" data-id=\"ebb81b9\" data-element_type=\"column\">\n\t\t\t<div class=\"elementor-widget-wrap elementor-element-populated\">\n\t\t\t\t\t\t<div class=\"elementor-element elementor-element-a359d93 elementor-widget elementor-widget-ha-slider happy-addon ha-slider\" data-id=\"a359d93\" data-element_type=\"widget\" data-settings=\"{&quot;animation_speed&quot;:300,&quot;autoplay&quot;:&quot;yes&quot;,&quot;autoplay_speed&quot;:3000,&quot;loop&quot;:&quot;yes&quot;,&quot;slides_transition&quot;:&quot;slide&quot;,&quot;navigation&quot;:&quot;arrow&quot;}\" data-widget_type=\"ha-slider.default\">\n\t\t\t\t<div class=\"elementor-widget-container\">\n\t\t\t\n\t\t<div class=\"hajs-slick ha-slick ha-slick--slider\">\n\n\t\t\t\n\t\t\t\t<div class=\"ha-slick-slide slick-slide\">\n\t\t\t\t\t<div class=\"ha-slick-item\">\n\t\t\t\t\t\t\t\t\t\t\t\t\t<img decoding=\"async\" class=\"ha-slick-img\" src=\"https:\/\/tezza.homes\/wp-content\/uploads\/2022\/07\/Banner-5.png\" alt=\"\">\n\t\t\t\t\t\t\n\t\t\t\t\t\t\t\t\t\t\t<\/div>\n\t\t\t\t<\/div>\n\n\t\t\t\n\t\t<\/div>\n\n\t\t\t\t\t<button type=\"button\" class=\"slick-prev\"><i aria-hidden=\"true\" class=\"fas fa-chevron-left\"><\/i><\/button>\n\t\t\n\t\t\t\t\t<button type=\"button\" class=\"slick-next\"><i aria-hidden=\"true\" class=\"fas fa-chevron-right\"><\/i><\/button>\n\t\t\n\t\t\t\t<\/div>\n\t\t\t\t<\/div>\n\t\t\t\t\t<\/div>\n\t\t<\/div>\n\t\t\t\t\t<\/div>\n\t\t<\/section>\n\t\t\t\t<section class=\"elementor-section elementor-top-section elementor-element elementor-element-9c0ce06 elementor-section-boxed elementor-section-height-default elementor-section-height-default\" data-id=\"9c0ce06\" data-element_type=\"section\" data-settings=\"{&quot;_ha_eqh_enable&quot;:false}\">\n\t\t\t\t\t\t<div class=\"elementor-container elementor-column-gap-default\">\n\t\t\t\t\t<div class=\"elementor-column elementor-col-100 elementor-top-column elementor-element elementor-element-e0f5dd4\" data-id=\"e0f5dd4\" data-element_type=\"column\">\n\t\t\t<div class=\"elementor-widget-wrap elementor-element-populated\">\n\t\t\t\t\t\t<div class=\"elementor-element elementor-element-c656f18 elementor-widget elementor-widget-text-editor\" data-id=\"c656f18\" data-element_type=\"widget\" data-widget_type=\"text-editor.default\">\n\t\t\t\t<div class=\"elementor-widget-container\">\n\t\t\t\t\t\t\t<p><strong>GESTI\u00d3N FINANCIERA<\/strong><\/p><p>Administramos los recursos eficientemente, garantizando la solvencia de tu propiedad en el largo plazo.<\/p><ul><li>An\u00e1lisis y propuesta financiera.<\/li><li>Proyecci\u00f3n y estimaci\u00f3n de gastos.<\/li><li>Reportes de estado financiero mensual y estado inversi\u00f3n.<\/li><li>Conciliaciones bancarias mensuales.<\/li><li>Sistema de cobranza peri\u00f3dico.<\/li><\/ul>\t\t\t\t\t\t<\/div>\n\t\t\t\t<\/div>\n\t\t\t\t<div class=\"elementor-element elementor-element-4fdbc74 elementor-widget elementor-widget-text-editor\" data-id=\"4fdbc74\" data-element_type=\"widget\" data-widget_type=\"text-editor.default\">\n\t\t\t\t<div class=\"elementor-widget-container\">\n\t\t\t\t\t\t\t<p><strong>GESTI\u00d3N OPERATIVA<\/strong><\/p><p>Trabajamos con proveedores certificados que garantizan el estado de conservaci\u00f3n de tu propiedad.<\/p><ul><li>Elaboraci\u00f3n de planes de mantenci\u00f3n de equipamiento seg\u00fan lo establecido por el fabricante y\/o conforme a lo establecido por la inmobiliaria.<\/li><li>Ejecuci\u00f3n de certificaci\u00f3n de instalaciones seg\u00fan normativa (instalaciones gas, sanitarias, pozos, calderas, ascensores, etc.)<\/li><li>Implementaci\u00f3n de proyectos de paisajismo y jardiner\u00eda.<\/li><li>Planificaci\u00f3n de aseo y limpieza en altura \/ sistema de recolecci\u00f3n ecol\u00f3gica.<\/li><li>Supervisi\u00f3n permanente de trabajos y negociaci\u00f3n con proveedores.<\/li><\/ul>\t\t\t\t\t\t<\/div>\n\t\t\t\t<\/div>\n\t\t\t\t\t<\/div>\n\t\t<\/div>\n\t\t\t\t\t<\/div>\n\t\t<\/section>\n\t\t\t\t<section class=\"elementor-section elementor-top-section elementor-element elementor-element-34c149e elementor-section-boxed elementor-section-height-default elementor-section-height-default\" data-id=\"34c149e\" data-element_type=\"section\" data-settings=\"{&quot;_ha_eqh_enable&quot;:false}\">\n\t\t\t\t\t\t<div class=\"elementor-container elementor-column-gap-default\">\n\t\t\t\t\t<div class=\"elementor-column elementor-col-100 elementor-top-column elementor-element elementor-element-6936a40\" data-id=\"6936a40\" data-element_type=\"column\">\n\t\t\t<div class=\"elementor-widget-wrap\">\n\t\t\t\t\t\t\t<\/div>\n\t\t<\/div>\n\t\t\t\t\t<\/div>\n\t\t<\/section>\n\t\t\t\t<\/div>\n\t\t","protected":false},"excerpt":{"rendered":"<p>GESTI\u00d3N FINANCIERA Administramos los recursos eficientemente, garantizando la solvencia de tu propiedad en el largo plazo. An\u00e1lisis y propuesta financiera. Proyecci\u00f3n y estimaci\u00f3n de gastos. Reportes de estado financiero mensual y estado inversi\u00f3n. Conciliaciones bancarias mensuales. Sistema de cobranza peri\u00f3dico. GESTI\u00d3N OPERATIVA Trabajamos con proveedores certificados que garantizan el estado de conservaci\u00f3n de tu propiedad. [&hellip;]<\/p>\n","protected":false},"author":1,"featured_media":0,"parent":0,"menu_order":0,"comment_status":"closed","ping_status":"closed","template":"","meta":{"footnotes":""},"class_list":["post-740","page","type-page","status-publish","hentry","post"],"_links":{"self":[{"href":"https:\/\/tezza.homes\/index.php?rest_route=\/wp\/v2\/pages\/740","targetHints":{"allow":["GET"]}}],"collection":[{"href":"https:\/\/tezza.homes\/index.php?rest_route=\/wp\/v2\/pages"}],"about":[{"href":"https:\/\/tezza.homes\/index.php?rest_route=\/wp\/v2\/types\/page"}],"author":[{"embeddable":true,"href":"https:\/\/tezza.homes\/index.php?rest_route=\/wp\/v2\/users\/1"}],"replies":[{"embeddable":true,"href":"https:\/\/tezza.homes\/index.php?rest_route=%2Fwp%2Fv2%2Fcomments&post=740"}],"version-history":[{"count":10,"href":"https:\/\/tezza.homes\/index.php?rest_route=\/wp\/v2\/pages\/740\/revisions"}],"predecessor-version":[{"id":861,"href":"https:\/\/tezza.homes\/index.php?rest_route=\/wp\/v2\/pages\/740\/revisions\/861"}],"wp:attachment":[{"href":"https:\/\/tezza.homes\/index.php?rest_route=%2Fwp%2Fv2%2Fmedia&parent=740"}],"curies":[{"name":"wp","href":"https:\/\/api.w.org\/{rel}","templated":true}]}}