{"id":737,"date":"2022-07-14T16:33:00","date_gmt":"2022-07-14T16:33:00","guid":{"rendered":"https:\/\/tezza.homes\/?page_id=737"},"modified":"2022-07-26T13:53:43","modified_gmt":"2022-07-26T13:53:43","slug":"gerencia-de-proyectos","status":"publish","type":"page","link":"https:\/\/tezza.homes\/?page_id=737","title":{"rendered":"Gerencia de Proyectos"},"content":{"rendered":"\t\t<div data-elementor-type=\"wp-page\" data-elementor-id=\"737\" class=\"elementor elementor-737\" data-elementor-settings=\"{&quot;ha_cmc_init_switcher&quot;:&quot;no&quot;}\">\n\t\t\t\t\t\t<section class=\"elementor-section elementor-top-section elementor-element elementor-element-c56ccff elementor-section-full_width elementor-section-height-default elementor-section-height-default\" data-id=\"c56ccff\" data-element_type=\"section\" data-settings=\"{&quot;_ha_eqh_enable&quot;:false}\">\n\t\t\t\t\t\t<div class=\"elementor-container elementor-column-gap-no\">\n\t\t\t\t\t<div class=\"elementor-column elementor-col-100 elementor-top-column elementor-element elementor-element-ebb81b9\" data-id=\"ebb81b9\" data-element_type=\"column\">\n\t\t\t<div class=\"elementor-widget-wrap elementor-element-populated\">\n\t\t\t\t\t\t<div class=\"elementor-element elementor-element-e7a423d elementor-widget elementor-widget-ha-slider happy-addon ha-slider\" data-id=\"e7a423d\" data-element_type=\"widget\" data-settings=\"{&quot;animation_speed&quot;:300,&quot;autoplay&quot;:&quot;yes&quot;,&quot;autoplay_speed&quot;:3000,&quot;loop&quot;:&quot;yes&quot;,&quot;slides_transition&quot;:&quot;slide&quot;,&quot;navigation&quot;:&quot;arrow&quot;}\" data-widget_type=\"ha-slider.default\">\n\t\t\t\t<div class=\"elementor-widget-container\">\n\t\t\t\n\t\t<div class=\"hajs-slick ha-slick ha-slick--slider\">\n\n\t\t\t\n\t\t\t\t<div class=\"ha-slick-slide slick-slide\">\n\t\t\t\t\t<div class=\"ha-slick-item\">\n\t\t\t\t\t\t\t\t\t\t\t\t\t<img decoding=\"async\" class=\"ha-slick-img\" src=\"https:\/\/tezza.homes\/wp-content\/uploads\/2022\/07\/Banner-3.png\" alt=\"\">\n\t\t\t\t\t\t\n\t\t\t\t\t\t\t\t\t\t\t<\/div>\n\t\t\t\t<\/div>\n\n\t\t\t\n\t\t<\/div>\n\n\t\t\t\t\t<button type=\"button\" class=\"slick-prev\"><i aria-hidden=\"true\" class=\"fas fa-chevron-left\"><\/i><\/button>\n\t\t\n\t\t\t\t\t<button type=\"button\" class=\"slick-next\"><i aria-hidden=\"true\" class=\"fas fa-chevron-right\"><\/i><\/button>\n\t\t\n\t\t\t\t<\/div>\n\t\t\t\t<\/div>\n\t\t\t\t\t<\/div>\n\t\t<\/div>\n\t\t\t\t\t<\/div>\n\t\t<\/section>\n\t\t\t\t<section class=\"elementor-section elementor-top-section elementor-element elementor-element-9c0ce06 elementor-section-boxed elementor-section-height-default elementor-section-height-default\" data-id=\"9c0ce06\" data-element_type=\"section\" data-settings=\"{&quot;_ha_eqh_enable&quot;:false}\">\n\t\t\t\t\t\t<div class=\"elementor-container elementor-column-gap-default\">\n\t\t\t\t\t<div class=\"elementor-column elementor-col-100 elementor-top-column elementor-element elementor-element-e0f5dd4\" data-id=\"e0f5dd4\" data-element_type=\"column\">\n\t\t\t<div class=\"elementor-widget-wrap elementor-element-populated\">\n\t\t\t\t\t\t<div class=\"elementor-element elementor-element-c656f18 elementor-widget elementor-widget-text-editor\" data-id=\"c656f18\" data-element_type=\"widget\" data-widget_type=\"text-editor.default\">\n\t\t\t\t<div class=\"elementor-widget-container\">\n\t\t\t\t\t\t\t<p>Para cumplir con todas las expectativas del cliente y optimizar los resultados de las obras (calidad\/tiempo\/costo). <strong>TEZZA SAS<\/strong> parte de las siguientes premisas:<\/p><p><strong>Planificaci\u00f3n:<\/strong> Evaluaci\u00f3n de las caracter\u00edsticas del sitio, estudio de normas de gesti\u00f3n y permisos, desarrollo del organigrama del proyecto, preparaci\u00f3n del presupuesto b\u00e1sico, definici\u00f3n de la fecha de inicio y terminaci\u00f3n de obra. elecci\u00f3n y contrataci\u00f3n de proyectistas.<\/p><p>Estudios de suelos, arquitectura, ingenier\u00eda, hidr\u00e1ulicos y el\u00e9ctricos, asesores t\u00e9cnicos, proveedores y contratistas.<\/p><ul><li>Coordinaci\u00f3n, negociaci\u00f3n y seguimiento de los contratos.<\/li><li>Control de los costos y de los recursos.<\/li><li>Control de los est\u00e1ndares de calidad planteados.<\/li><\/ul>\t\t\t\t\t\t<\/div>\n\t\t\t\t<\/div>\n\t\t\t\t\t<\/div>\n\t\t<\/div>\n\t\t\t\t\t<\/div>\n\t\t<\/section>\n\t\t\t\t<section class=\"elementor-section elementor-top-section elementor-element elementor-element-34c149e elementor-section-boxed elementor-section-height-default elementor-section-height-default\" data-id=\"34c149e\" data-element_type=\"section\" data-settings=\"{&quot;_ha_eqh_enable&quot;:false}\">\n\t\t\t\t\t\t<div class=\"elementor-container elementor-column-gap-default\">\n\t\t\t\t\t<div class=\"elementor-column elementor-col-100 elementor-top-column elementor-element elementor-element-6936a40\" data-id=\"6936a40\" data-element_type=\"column\">\n\t\t\t<div class=\"elementor-widget-wrap\">\n\t\t\t\t\t\t\t<\/div>\n\t\t<\/div>\n\t\t\t\t\t<\/div>\n\t\t<\/section>\n\t\t\t\t<\/div>\n\t\t","protected":false},"excerpt":{"rendered":"<p>Para cumplir con todas las expectativas del cliente y optimizar los resultados de las obras (calidad\/tiempo\/costo). TEZZA SAS parte de las siguientes premisas: Planificaci\u00f3n: Evaluaci\u00f3n de las caracter\u00edsticas del sitio, estudio de normas de gesti\u00f3n y permisos, desarrollo del organigrama del proyecto, preparaci\u00f3n del presupuesto b\u00e1sico, definici\u00f3n de la fecha de inicio y terminaci\u00f3n de [&hellip;]<\/p>\n","protected":false},"author":1,"featured_media":0,"parent":0,"menu_order":0,"comment_status":"closed","ping_status":"closed","template":"","meta":{"footnotes":""},"class_list":["post-737","page","type-page","status-publish","hentry","post"],"_links":{"self":[{"href":"https:\/\/tezza.homes\/index.php?rest_route=\/wp\/v2\/pages\/737","targetHints":{"allow":["GET"]}}],"collection":[{"href":"https:\/\/tezza.homes\/index.php?rest_route=\/wp\/v2\/pages"}],"about":[{"href":"https:\/\/tezza.homes\/index.php?rest_route=\/wp\/v2\/types\/page"}],"author":[{"embeddable":true,"href":"https:\/\/tezza.homes\/index.php?rest_route=\/wp\/v2\/users\/1"}],"replies":[{"embeddable":true,"href":"https:\/\/tezza.homes\/index.php?rest_route=%2Fwp%2Fv2%2Fcomments&post=737"}],"version-history":[{"count":19,"href":"https:\/\/tezza.homes\/index.php?rest_route=\/wp\/v2\/pages\/737\/revisions"}],"predecessor-version":[{"id":816,"href":"https:\/\/tezza.homes\/index.php?rest_route=\/wp\/v2\/pages\/737\/revisions\/816"}],"wp:attachment":[{"href":"https:\/\/tezza.homes\/index.php?rest_route=%2Fwp%2Fv2%2Fmedia&parent=737"}],"curies":[{"name":"wp","href":"https:\/\/api.w.org\/{rel}","templated":true}]}}