{"id":735,"date":"2022-07-14T16:32:28","date_gmt":"2022-07-14T16:32:28","guid":{"rendered":"https:\/\/tezza.homes\/?page_id=735"},"modified":"2022-07-26T14:20:29","modified_gmt":"2022-07-26T14:20:29","slug":"remodelacion-y-ampliacion","status":"publish","type":"page","link":"https:\/\/tezza.homes\/?page_id=735","title":{"rendered":"Remodelaci\u00f3n y Ampliaci\u00f3n"},"content":{"rendered":"\t\t<div data-elementor-type=\"wp-page\" data-elementor-id=\"735\" class=\"elementor elementor-735\" data-elementor-settings=\"{&quot;ha_cmc_init_switcher&quot;:&quot;no&quot;}\">\n\t\t\t\t\t\t<section class=\"elementor-section elementor-top-section elementor-element elementor-element-c56ccff elementor-section-full_width elementor-section-height-default elementor-section-height-default\" data-id=\"c56ccff\" data-element_type=\"section\" data-settings=\"{&quot;background_background&quot;:&quot;classic&quot;,&quot;_ha_eqh_enable&quot;:false}\">\n\t\t\t\t\t\t<div class=\"elementor-container elementor-column-gap-no\">\n\t\t\t\t\t<div class=\"elementor-column elementor-col-100 elementor-top-column elementor-element elementor-element-ebb81b9\" data-id=\"ebb81b9\" data-element_type=\"column\">\n\t\t\t<div class=\"elementor-widget-wrap elementor-element-populated\">\n\t\t\t\t\t\t<div class=\"elementor-element elementor-element-81c36b1 elementor-widget elementor-widget-ha-slider happy-addon ha-slider\" data-id=\"81c36b1\" data-element_type=\"widget\" data-settings=\"{&quot;animation_speed&quot;:300,&quot;autoplay&quot;:&quot;yes&quot;,&quot;autoplay_speed&quot;:3000,&quot;loop&quot;:&quot;yes&quot;,&quot;slides_transition&quot;:&quot;slide&quot;,&quot;navigation&quot;:&quot;arrow&quot;}\" data-widget_type=\"ha-slider.default\">\n\t\t\t\t<div class=\"elementor-widget-container\">\n\t\t\t\n\t\t<div class=\"hajs-slick ha-slick ha-slick--slider\">\n\n\t\t\t\n\t\t\t\t<div class=\"ha-slick-slide slick-slide\">\n\t\t\t\t\t<div class=\"ha-slick-item\">\n\t\t\t\t\t\t\t\t\t\t\t\t\t<img decoding=\"async\" class=\"ha-slick-img\" src=\"https:\/\/tezza.homes\/wp-content\/uploads\/2022\/07\/Banner-4.png\" alt=\"\">\n\t\t\t\t\t\t\n\t\t\t\t\t\t\t\t\t\t\t<\/div>\n\t\t\t\t<\/div>\n\n\t\t\t\n\t\t<\/div>\n\n\t\t\t\t\t<button type=\"button\" class=\"slick-prev\"><i aria-hidden=\"true\" class=\"fas fa-chevron-left\"><\/i><\/button>\n\t\t\n\t\t\t\t\t<button type=\"button\" class=\"slick-next\"><i aria-hidden=\"true\" class=\"fas fa-chevron-right\"><\/i><\/button>\n\t\t\n\t\t\t\t<\/div>\n\t\t\t\t<\/div>\n\t\t\t\t\t<\/div>\n\t\t<\/div>\n\t\t\t\t\t<\/div>\n\t\t<\/section>\n\t\t\t\t<section class=\"elementor-section elementor-top-section elementor-element elementor-element-9c0ce06 elementor-section-content-middle elementor-section-boxed elementor-section-height-default elementor-section-height-default\" data-id=\"9c0ce06\" data-element_type=\"section\" data-settings=\"{&quot;_ha_eqh_enable&quot;:false}\">\n\t\t\t\t\t\t<div class=\"elementor-container elementor-column-gap-default\">\n\t\t\t\t\t<div class=\"elementor-column elementor-col-50 elementor-top-column elementor-element elementor-element-d9dadff\" data-id=\"d9dadff\" data-element_type=\"column\">\n\t\t\t<div class=\"elementor-widget-wrap elementor-element-populated\">\n\t\t\t\t\t\t<div class=\"elementor-element elementor-element-2bc7fce elementor-widget elementor-widget-image\" data-id=\"2bc7fce\" data-element_type=\"widget\" data-widget_type=\"image.default\">\n\t\t\t\t<div class=\"elementor-widget-container\">\n\t\t\t\t\t\t\t\t\t\t\t\t\t<img fetchpriority=\"high\" decoding=\"async\" width=\"720\" height=\"333\" src=\"https:\/\/tezza.homes\/wp-content\/uploads\/2022\/07\/Remodel-2.png\" class=\"attachment-large size-large wp-image-823\" alt=\"\" srcset=\"https:\/\/tezza.homes\/wp-content\/uploads\/2022\/07\/Remodel-2.png 850w, https:\/\/tezza.homes\/wp-content\/uploads\/2022\/07\/Remodel-2-300x139.png 300w, https:\/\/tezza.homes\/wp-content\/uploads\/2022\/07\/Remodel-2-768x355.png 768w\" sizes=\"(max-width: 720px) 100vw, 720px\" \/>\t\t\t\t\t\t\t\t\t\t\t\t\t<\/div>\n\t\t\t\t<\/div>\n\t\t\t\t<div class=\"elementor-element elementor-element-dd9effa elementor-widget elementor-widget-image\" data-id=\"dd9effa\" data-element_type=\"widget\" data-widget_type=\"image.default\">\n\t\t\t\t<div class=\"elementor-widget-container\">\n\t\t\t\t\t\t\t\t\t\t\t\t\t<img decoding=\"async\" width=\"720\" height=\"403\" src=\"https:\/\/tezza.homes\/wp-content\/uploads\/2022\/07\/Remodel-1.png\" class=\"attachment-large size-large wp-image-822\" alt=\"\" srcset=\"https:\/\/tezza.homes\/wp-content\/uploads\/2022\/07\/Remodel-1.png 850w, https:\/\/tezza.homes\/wp-content\/uploads\/2022\/07\/Remodel-1-300x168.png 300w, https:\/\/tezza.homes\/wp-content\/uploads\/2022\/07\/Remodel-1-768x430.png 768w\" sizes=\"(max-width: 720px) 100vw, 720px\" \/>\t\t\t\t\t\t\t\t\t\t\t\t\t<\/div>\n\t\t\t\t<\/div>\n\t\t\t\t<div class=\"elementor-element elementor-element-70b076e elementor-widget elementor-widget-image\" data-id=\"70b076e\" data-element_type=\"widget\" data-widget_type=\"image.default\">\n\t\t\t\t<div class=\"elementor-widget-container\">\n\t\t\t\t\t\t\t\t\t\t\t\t\t<img decoding=\"async\" width=\"720\" height=\"453\" src=\"https:\/\/tezza.homes\/wp-content\/uploads\/2022\/07\/Remodel-3.png\" class=\"attachment-large size-large wp-image-824\" alt=\"\" srcset=\"https:\/\/tezza.homes\/wp-content\/uploads\/2022\/07\/Remodel-3.png 850w, https:\/\/tezza.homes\/wp-content\/uploads\/2022\/07\/Remodel-3-300x189.png 300w, https:\/\/tezza.homes\/wp-content\/uploads\/2022\/07\/Remodel-3-768x483.png 768w\" sizes=\"(max-width: 720px) 100vw, 720px\" \/>\t\t\t\t\t\t\t\t\t\t\t\t\t<\/div>\n\t\t\t\t<\/div>\n\t\t\t\t\t<\/div>\n\t\t<\/div>\n\t\t\t\t<div class=\"elementor-column elementor-col-50 elementor-top-column elementor-element elementor-element-e0f5dd4\" data-id=\"e0f5dd4\" data-element_type=\"column\">\n\t\t\t<div class=\"elementor-widget-wrap elementor-element-populated\">\n\t\t\t\t\t\t<div class=\"elementor-element elementor-element-c656f18 elementor-widget elementor-widget-text-editor\" data-id=\"c656f18\" data-element_type=\"widget\" data-widget_type=\"text-editor.default\">\n\t\t\t\t<div class=\"elementor-widget-container\">\n\t\t\t\t\t\t\t<p>Realizamos la remodelaci\u00f3n y ampliaci\u00f3n de obras de menor escala, manteniendo la mejor relaci\u00f3n entre calidad &#8211; precio, llevando a cabo la construcci\u00f3n de la forma m\u00e1s precisa, eficaz y r\u00e1pida.<\/p>\t\t\t\t\t\t<\/div>\n\t\t\t\t<\/div>\n\t\t\t\t\t<\/div>\n\t\t<\/div>\n\t\t\t\t\t<\/div>\n\t\t<\/section>\n\t\t\t\t<section class=\"elementor-section elementor-top-section elementor-element elementor-element-34c149e elementor-section-boxed elementor-section-height-default elementor-section-height-default\" data-id=\"34c149e\" data-element_type=\"section\" data-settings=\"{&quot;_ha_eqh_enable&quot;:false}\">\n\t\t\t\t\t\t<div class=\"elementor-container elementor-column-gap-default\">\n\t\t\t\t\t<div class=\"elementor-column elementor-col-100 elementor-top-column elementor-element elementor-element-6936a40\" data-id=\"6936a40\" data-element_type=\"column\">\n\t\t\t<div class=\"elementor-widget-wrap elementor-element-populated\">\n\t\t\t\t\t\t<div class=\"elementor-element elementor-element-d95691d elementor-widget elementor-widget-spacer\" data-id=\"d95691d\" data-element_type=\"widget\" data-widget_type=\"spacer.default\">\n\t\t\t\t<div class=\"elementor-widget-container\">\n\t\t\t\t\t<div class=\"elementor-spacer\">\n\t\t\t<div class=\"elementor-spacer-inner\"><\/div>\n\t\t<\/div>\n\t\t\t\t<\/div>\n\t\t\t\t<\/div>\n\t\t\t\t\t<\/div>\n\t\t<\/div>\n\t\t\t\t\t<\/div>\n\t\t<\/section>\n\t\t\t\t<\/div>\n\t\t","protected":false},"excerpt":{"rendered":"<p>Realizamos la remodelaci\u00f3n y ampliaci\u00f3n de obras de menor escala, manteniendo la mejor relaci\u00f3n entre calidad &#8211; precio, llevando a cabo la construcci\u00f3n de la forma m\u00e1s precisa, eficaz y r\u00e1pida.<\/p>\n","protected":false},"author":1,"featured_media":0,"parent":0,"menu_order":0,"comment_status":"closed","ping_status":"closed","template":"","meta":{"footnotes":""},"class_list":["post-735","page","type-page","status-publish","hentry","post"],"_links":{"self":[{"href":"https:\/\/tezza.homes\/index.php?rest_route=\/wp\/v2\/pages\/735","targetHints":{"allow":["GET"]}}],"collection":[{"href":"https:\/\/tezza.homes\/index.php?rest_route=\/wp\/v2\/pages"}],"about":[{"href":"https:\/\/tezza.homes\/index.php?rest_route=\/wp\/v2\/types\/page"}],"author":[{"embeddable":true,"href":"https:\/\/tezza.homes\/index.php?rest_route=\/wp\/v2\/users\/1"}],"replies":[{"embeddable":true,"href":"https:\/\/tezza.homes\/index.php?rest_route=%2Fwp%2Fv2%2Fcomments&post=735"}],"version-history":[{"count":37,"href":"https:\/\/tezza.homes\/index.php?rest_route=\/wp\/v2\/pages\/735\/revisions"}],"predecessor-version":[{"id":855,"href":"https:\/\/tezza.homes\/index.php?rest_route=\/wp\/v2\/pages\/735\/revisions\/855"}],"wp:attachment":[{"href":"https:\/\/tezza.homes\/index.php?rest_route=%2Fwp%2Fv2%2Fmedia&parent=735"}],"curies":[{"name":"wp","href":"https:\/\/api.w.org\/{rel}","templated":true}]}}