{"id":733,"date":"2022-07-14T16:31:46","date_gmt":"2022-07-14T16:31:46","guid":{"rendered":"https:\/\/tezza.homes\/?page_id=733"},"modified":"2022-08-10T12:12:15","modified_gmt":"2022-08-10T12:12:15","slug":"infraestructura","status":"publish","type":"page","link":"https:\/\/tezza.homes\/?page_id=733","title":{"rendered":"Infraestructura"},"content":{"rendered":"\t\t<div data-elementor-type=\"wp-page\" data-elementor-id=\"733\" class=\"elementor elementor-733\" data-elementor-settings=\"{&quot;ha_cmc_init_switcher&quot;:&quot;no&quot;}\">\n\t\t\t\t\t\t<section class=\"elementor-section elementor-top-section elementor-element elementor-element-c56ccff elementor-section-full_width elementor-section-height-default elementor-section-height-default\" data-id=\"c56ccff\" data-element_type=\"section\" data-settings=\"{&quot;_ha_eqh_enable&quot;:false}\">\n\t\t\t\t\t\t<div class=\"elementor-container elementor-column-gap-no\">\n\t\t\t\t\t<div class=\"elementor-column elementor-col-100 elementor-top-column elementor-element elementor-element-ebb81b9\" data-id=\"ebb81b9\" data-element_type=\"column\">\n\t\t\t<div class=\"elementor-widget-wrap elementor-element-populated\">\n\t\t\t\t\t\t<div class=\"elementor-element elementor-element-94efee8 elementor-widget elementor-widget-ha-slider happy-addon ha-slider\" data-id=\"94efee8\" data-element_type=\"widget\" data-settings=\"{&quot;animation_speed&quot;:300,&quot;autoplay&quot;:&quot;yes&quot;,&quot;autoplay_speed&quot;:3000,&quot;loop&quot;:&quot;yes&quot;,&quot;slides_transition&quot;:&quot;slide&quot;,&quot;navigation&quot;:&quot;arrow&quot;}\" data-widget_type=\"ha-slider.default\">\n\t\t\t\t<div class=\"elementor-widget-container\">\n\t\t\t\n\t\t<div class=\"hajs-slick ha-slick ha-slick--slider\">\n\n\t\t\t\n\t\t\t\t<div class=\"ha-slick-slide slick-slide\">\n\t\t\t\t\t<div class=\"ha-slick-item\">\n\t\t\t\t\t\t\t\t\t\t\t\t\t<img decoding=\"async\" class=\"ha-slick-img\" src=\"https:\/\/tezza.homes\/wp-content\/uploads\/2022\/08\/Banner-Const.jpg\" alt=\"\">\n\t\t\t\t\t\t\n\t\t\t\t\t\t\t\t\t\t\t<\/div>\n\t\t\t\t<\/div>\n\n\t\t\t\n\t\t<\/div>\n\n\t\t\t\t\t<button type=\"button\" class=\"slick-prev\"><i aria-hidden=\"true\" class=\"fas fa-chevron-left\"><\/i><\/button>\n\t\t\n\t\t\t\t\t<button type=\"button\" class=\"slick-next\"><i aria-hidden=\"true\" class=\"fas fa-chevron-right\"><\/i><\/button>\n\t\t\n\t\t\t\t<\/div>\n\t\t\t\t<\/div>\n\t\t\t\t\t<\/div>\n\t\t<\/div>\n\t\t\t\t\t<\/div>\n\t\t<\/section>\n\t\t\t\t<section class=\"elementor-section elementor-top-section elementor-element elementor-element-9c0ce06 elementor-section-boxed elementor-section-height-default elementor-section-height-default\" data-id=\"9c0ce06\" data-element_type=\"section\" data-settings=\"{&quot;_ha_eqh_enable&quot;:false}\">\n\t\t\t\t\t\t<div class=\"elementor-container elementor-column-gap-default\">\n\t\t\t\t\t<div class=\"elementor-column elementor-col-50 elementor-top-column elementor-element elementor-element-e0f5dd4\" data-id=\"e0f5dd4\" data-element_type=\"column\">\n\t\t\t<div class=\"elementor-widget-wrap elementor-element-populated\">\n\t\t\t\t\t\t<div class=\"elementor-element elementor-element-48073fc elementor-widget elementor-widget-image\" data-id=\"48073fc\" data-element_type=\"widget\" data-widget_type=\"image.default\">\n\t\t\t\t<div class=\"elementor-widget-container\">\n\t\t\t\t\t\t\t\t\t\t\t\t\t<img fetchpriority=\"high\" decoding=\"async\" width=\"720\" height=\"442\" src=\"https:\/\/tezza.homes\/wp-content\/uploads\/2022\/08\/Contruc-3.jpg\" class=\"attachment-large size-large wp-image-884\" alt=\"\" srcset=\"https:\/\/tezza.homes\/wp-content\/uploads\/2022\/08\/Contruc-3.jpg 851w, https:\/\/tezza.homes\/wp-content\/uploads\/2022\/08\/Contruc-3-300x184.jpg 300w, https:\/\/tezza.homes\/wp-content\/uploads\/2022\/08\/Contruc-3-768x472.jpg 768w\" sizes=\"(max-width: 720px) 100vw, 720px\" \/>\t\t\t\t\t\t\t\t\t\t\t\t\t<\/div>\n\t\t\t\t<\/div>\n\t\t\t\t<div class=\"elementor-element elementor-element-823d05a elementor-widget elementor-widget-image\" data-id=\"823d05a\" data-element_type=\"widget\" data-widget_type=\"image.default\">\n\t\t\t\t<div class=\"elementor-widget-container\">\n\t\t\t\t\t\t\t\t\t\t\t\t\t<img decoding=\"async\" width=\"720\" height=\"442\" src=\"https:\/\/tezza.homes\/wp-content\/uploads\/2022\/08\/Contruc-1.jpg\" class=\"attachment-large size-large wp-image-882\" alt=\"\" srcset=\"https:\/\/tezza.homes\/wp-content\/uploads\/2022\/08\/Contruc-1.jpg 851w, https:\/\/tezza.homes\/wp-content\/uploads\/2022\/08\/Contruc-1-300x184.jpg 300w, https:\/\/tezza.homes\/wp-content\/uploads\/2022\/08\/Contruc-1-768x471.jpg 768w\" sizes=\"(max-width: 720px) 100vw, 720px\" \/>\t\t\t\t\t\t\t\t\t\t\t\t\t<\/div>\n\t\t\t\t<\/div>\n\t\t\t\t<div class=\"elementor-element elementor-element-5640cbe elementor-widget elementor-widget-image\" data-id=\"5640cbe\" data-element_type=\"widget\" data-widget_type=\"image.default\">\n\t\t\t\t<div class=\"elementor-widget-container\">\n\t\t\t\t\t\t\t\t\t\t\t\t\t<img decoding=\"async\" width=\"720\" height=\"442\" src=\"https:\/\/tezza.homes\/wp-content\/uploads\/2022\/08\/Contruc-2.jpg\" class=\"attachment-large size-large wp-image-883\" alt=\"\" srcset=\"https:\/\/tezza.homes\/wp-content\/uploads\/2022\/08\/Contruc-2.jpg 851w, https:\/\/tezza.homes\/wp-content\/uploads\/2022\/08\/Contruc-2-300x184.jpg 300w, https:\/\/tezza.homes\/wp-content\/uploads\/2022\/08\/Contruc-2-768x471.jpg 768w\" sizes=\"(max-width: 720px) 100vw, 720px\" \/>\t\t\t\t\t\t\t\t\t\t\t\t\t<\/div>\n\t\t\t\t<\/div>\n\t\t\t\t\t<\/div>\n\t\t<\/div>\n\t\t\t\t<div class=\"elementor-column elementor-col-50 elementor-top-column elementor-element elementor-element-ee5ba22\" data-id=\"ee5ba22\" data-element_type=\"column\">\n\t\t\t<div class=\"elementor-widget-wrap elementor-element-populated\">\n\t\t\t\t\t\t<div class=\"elementor-element elementor-element-050bf18 elementor-widget elementor-widget-text-editor\" data-id=\"050bf18\" data-element_type=\"widget\" data-widget_type=\"text-editor.default\">\n\t\t\t\t<div class=\"elementor-widget-container\">\n\t\t\t\t\t\t\t<p><strong>CONSTRUCCI\u00d3N:<\/strong> Podemos intervenir en la construcci\u00f3n, ampliaci\u00f3n y remodelaci\u00f3n de obras civiles y de arquitectura como: viviendas unifamiliares, viviendas de campo, viviendas multifamiliares o de propiedad horizontal y edificios, construcci\u00f3n de hoteles, colegios y hospitales.<\/p><p><strong>Construcci\u00f3n de obras Civiles y Arquitect\u00f3nicas:<\/strong><\/p><p>Como constructora de obras civiles y de arquitectura poseemos una s\u00f3lida estructura de medios y tecnolog\u00eda que junto a nuestros proveedores y asesores profesionales da lugar a una producci\u00f3n integrada, por lo que podemos resolver todo tipo de obras e instalaciones.<\/p><p>La construcci\u00f3n de vivienda y edificios de propiedad horizontal nos exige una elevada capacidad de gesti\u00f3n orientada a controlar los costos, sin comprometer la calidad, de lo que deber\u00e1 ser construido.<\/p><p><strong>Construcci\u00f3n de obras Comerciales y Oficinas:<\/strong><\/p><p>La supervisi\u00f3n constante de nuestro departamento de calidad e imagen permite en nuestros trabajos mantener una alta eficiencia con un sello particular que nuestros clientes agradecen, trabajando estrechamente y garantizando la calidad y la rapidez de la ejecuci\u00f3n en los proyectos.<\/p><p>Por otro lado, ofrecemos a nuestros clientes la provisi\u00f3n del equipamiento comercial y de oficina especial, donde cada objeto forma parte de un todo manteniendo y respetando la imagen de marca, brindamos atenci\u00f3n personalizada para cada proyecto, buscando siempre soluciones innovadoras, que permitan resolver sus requerimientos con creatividad.<\/p>\t\t\t\t\t\t<\/div>\n\t\t\t\t<\/div>\n\t\t\t\t\t<\/div>\n\t\t<\/div>\n\t\t\t\t\t<\/div>\n\t\t<\/section>\n\t\t\t\t<section class=\"elementor-section elementor-top-section elementor-element elementor-element-34c149e elementor-section-boxed elementor-section-height-default elementor-section-height-default\" data-id=\"34c149e\" data-element_type=\"section\" data-settings=\"{&quot;_ha_eqh_enable&quot;:false}\">\n\t\t\t\t\t\t<div class=\"elementor-container elementor-column-gap-default\">\n\t\t\t\t\t<div class=\"elementor-column elementor-col-100 elementor-top-column elementor-element elementor-element-6936a40\" data-id=\"6936a40\" data-element_type=\"column\">\n\t\t\t<div class=\"elementor-widget-wrap elementor-element-populated\">\n\t\t\t\t\t\t<div class=\"elementor-element elementor-element-5b33137 elementor-widget elementor-widget-spacer\" data-id=\"5b33137\" data-element_type=\"widget\" data-widget_type=\"spacer.default\">\n\t\t\t\t<div class=\"elementor-widget-container\">\n\t\t\t\t\t<div class=\"elementor-spacer\">\n\t\t\t<div class=\"elementor-spacer-inner\"><\/div>\n\t\t<\/div>\n\t\t\t\t<\/div>\n\t\t\t\t<\/div>\n\t\t\t\t\t<\/div>\n\t\t<\/div>\n\t\t\t\t\t<\/div>\n\t\t<\/section>\n\t\t\t\t<\/div>\n\t\t","protected":false},"excerpt":{"rendered":"<p>CONSTRUCCI\u00d3N: Podemos intervenir en la construcci\u00f3n, ampliaci\u00f3n y remodelaci\u00f3n de obras civiles y de arquitectura como: viviendas unifamiliares, viviendas de campo, viviendas multifamiliares o de propiedad horizontal y edificios, construcci\u00f3n de hoteles, colegios y hospitales. Construcci\u00f3n de obras Civiles y Arquitect\u00f3nicas: Como constructora de obras civiles y de arquitectura poseemos una s\u00f3lida estructura de medios [&hellip;]<\/p>\n","protected":false},"author":1,"featured_media":0,"parent":0,"menu_order":0,"comment_status":"closed","ping_status":"closed","template":"","meta":{"footnotes":""},"class_list":["post-733","page","type-page","status-publish","hentry","post"],"_links":{"self":[{"href":"https:\/\/tezza.homes\/index.php?rest_route=\/wp\/v2\/pages\/733","targetHints":{"allow":["GET"]}}],"collection":[{"href":"https:\/\/tezza.homes\/index.php?rest_route=\/wp\/v2\/pages"}],"about":[{"href":"https:\/\/tezza.homes\/index.php?rest_route=\/wp\/v2\/types\/page"}],"author":[{"embeddable":true,"href":"https:\/\/tezza.homes\/index.php?rest_route=\/wp\/v2\/users\/1"}],"replies":[{"embeddable":true,"href":"https:\/\/tezza.homes\/index.php?rest_route=%2Fwp%2Fv2%2Fcomments&post=733"}],"version-history":[{"count":25,"href":"https:\/\/tezza.homes\/index.php?rest_route=\/wp\/v2\/pages\/733\/revisions"}],"predecessor-version":[{"id":896,"href":"https:\/\/tezza.homes\/index.php?rest_route=\/wp\/v2\/pages\/733\/revisions\/896"}],"wp:attachment":[{"href":"https:\/\/tezza.homes\/index.php?rest_route=%2Fwp%2Fv2%2Fmedia&parent=733"}],"curies":[{"name":"wp","href":"https:\/\/api.w.org\/{rel}","templated":true}]}}