{"id":35,"date":"2022-06-18T10:26:55","date_gmt":"2022-06-18T10:26:55","guid":{"rendered":"https:\/\/tezza.homes\/?page_id=35"},"modified":"2022-06-26T23:43:50","modified_gmt":"2022-06-26T23:43:50","slug":"proyectos","status":"publish","type":"page","link":"https:\/\/tezza.homes\/?page_id=35","title":{"rendered":"Proyectos y Dise\u00f1os"},"content":{"rendered":"\t\t<div data-elementor-type=\"wp-page\" data-elementor-id=\"35\" class=\"elementor elementor-35\" data-elementor-settings=\"{&quot;ha_cmc_init_switcher&quot;:&quot;no&quot;}\">\n\t\t\t\t\t\t<section class=\"elementor-section elementor-top-section elementor-element elementor-element-f660402 elementor-section-boxed elementor-section-height-default elementor-section-height-default\" data-id=\"f660402\" data-element_type=\"section\" data-settings=\"{&quot;_ha_eqh_enable&quot;:false}\">\n\t\t\t\t\t\t<div class=\"elementor-container elementor-column-gap-default\">\n\t\t\t\t\t<div class=\"elementor-column elementor-col-100 elementor-top-column elementor-element elementor-element-77df297\" data-id=\"77df297\" data-element_type=\"column\">\n\t\t\t<div class=\"elementor-widget-wrap elementor-element-populated\">\n\t\t\t\t\t\t<div class=\"elementor-element elementor-element-c695a43 elementor-widget elementor-widget-spacer\" data-id=\"c695a43\" data-element_type=\"widget\" data-widget_type=\"spacer.default\">\n\t\t\t\t<div class=\"elementor-widget-container\">\n\t\t\t\t\t<div class=\"elementor-spacer\">\n\t\t\t<div class=\"elementor-spacer-inner\"><\/div>\n\t\t<\/div>\n\t\t\t\t<\/div>\n\t\t\t\t<\/div>\n\t\t\t\t<div class=\"elementor-element elementor-element-4da5035 elementor-widget elementor-widget-text-editor\" data-id=\"4da5035\" data-element_type=\"widget\" data-widget_type=\"text-editor.default\">\n\t\t\t\t<div class=\"elementor-widget-container\">\n\t\t\t\t\t\t\t<p>Todos los proyectos que realizamos tanto en obras de viviendas unifamiliares, arquitectura comercial, arquitectura industrial, hoteles, edificios propiedad horizontal, ya sea remodelaci\u00f3n, ampliaci\u00f3n u obra nueva, han tenido como premisa el confort, la est\u00e9tica y la funcionalidad a la hora de materializarlos.<\/p><p>Nuestra intervenci\u00f3n en cada obra se distingue por la aplicaci\u00f3n de las soluciones m\u00e1s innovadoras, realizando proyectos de gran calidad con un impacto positivo.<\/p>\t\t\t\t\t\t<\/div>\n\t\t\t\t<\/div>\n\t\t\t\t<div class=\"elementor-element elementor-element-ea7a9a5 elementor-widget elementor-widget-text-editor\" data-id=\"ea7a9a5\" data-element_type=\"widget\" data-widget_type=\"text-editor.default\">\n\t\t\t\t<div class=\"elementor-widget-container\">\n\t\t\t\t\t\t\t<p>Las im\u00e1genes contenidas en este sitio son ilustrativas y pueden presentar modificaciones en el desarrollo t\u00e9cnico del proyecto por instrucci\u00f3n de la autoridad competente en la expedici\u00f3n de la licencia de construcci\u00f3n. Las im\u00e1genes son apreciaciones art\u00edsticas del dibujante, luego sus detalles, colores y especificaciones de materiales son sujetos de modificaci\u00f3n. Las \u00e1reas podr\u00e1n ser modificadas por instrucci\u00f3n de la alcald\u00eda o curadur\u00eda en la expedici\u00f3n de la licencia. El \u00e1rea construida es el \u00e1rea total de dominio privado incluyendo algunos bienes que se encuentran en su interior tales como ductos, columnas estructurales, buitrones de ventilaci\u00f3n, ductos de tuber\u00eda, muros de fachada, como los se\u00f1alados en los planos de propiedad horizontal. El \u00e1rea privada incluye los muros interiores de car\u00e1cter privado y excluye todo lo anterior.<\/p>\t\t\t\t\t\t<\/div>\n\t\t\t\t<\/div>\n\t\t\t\t<div class=\"elementor-element elementor-element-5732b99 elementor-widget elementor-widget-spacer\" data-id=\"5732b99\" data-element_type=\"widget\" data-widget_type=\"spacer.default\">\n\t\t\t\t<div class=\"elementor-widget-container\">\n\t\t\t\t\t<div class=\"elementor-spacer\">\n\t\t\t<div class=\"elementor-spacer-inner\"><\/div>\n\t\t<\/div>\n\t\t\t\t<\/div>\n\t\t\t\t<\/div>\n\t\t\t\t\t<\/div>\n\t\t<\/div>\n\t\t\t\t\t<\/div>\n\t\t<\/section>\n\t\t\t\t<\/div>\n\t\t","protected":false},"excerpt":{"rendered":"<p>Todos los proyectos que realizamos tanto en obras de viviendas unifamiliares, arquitectura comercial, arquitectura industrial, hoteles, edificios propiedad horizontal, ya sea remodelaci\u00f3n, ampliaci\u00f3n u obra nueva, han tenido como premisa el confort, la est\u00e9tica y la funcionalidad a la hora de materializarlos. Nuestra intervenci\u00f3n en cada obra se distingue por la aplicaci\u00f3n de las soluciones [&hellip;]<\/p>\n","protected":false},"author":1,"featured_media":0,"parent":0,"menu_order":0,"comment_status":"closed","ping_status":"closed","template":"","meta":{"footnotes":""},"class_list":["post-35","page","type-page","status-publish","hentry","post"],"_links":{"self":[{"href":"https:\/\/tezza.homes\/index.php?rest_route=\/wp\/v2\/pages\/35","targetHints":{"allow":["GET"]}}],"collection":[{"href":"https:\/\/tezza.homes\/index.php?rest_route=\/wp\/v2\/pages"}],"about":[{"href":"https:\/\/tezza.homes\/index.php?rest_route=\/wp\/v2\/types\/page"}],"author":[{"embeddable":true,"href":"https:\/\/tezza.homes\/index.php?rest_route=\/wp\/v2\/users\/1"}],"replies":[{"embeddable":true,"href":"https:\/\/tezza.homes\/index.php?rest_route=%2Fwp%2Fv2%2Fcomments&post=35"}],"version-history":[{"count":15,"href":"https:\/\/tezza.homes\/index.php?rest_route=\/wp\/v2\/pages\/35\/revisions"}],"predecessor-version":[{"id":147,"href":"https:\/\/tezza.homes\/index.php?rest_route=\/wp\/v2\/pages\/35\/revisions\/147"}],"wp:attachment":[{"href":"https:\/\/tezza.homes\/index.php?rest_route=%2Fwp%2Fv2%2Fmedia&parent=35"}],"curies":[{"name":"wp","href":"https:\/\/api.w.org\/{rel}","templated":true}]}}