{"id":33,"date":"2022-06-18T10:26:28","date_gmt":"2022-06-18T10:26:28","guid":{"rendered":"https:\/\/tezza.homes\/?page_id=33"},"modified":"2022-07-26T12:34:49","modified_gmt":"2022-07-26T12:34:49","slug":"nosotros","status":"publish","type":"page","link":"https:\/\/tezza.homes\/?page_id=33","title":{"rendered":"Unidades de Negocio"},"content":{"rendered":"\t\t<div data-elementor-type=\"wp-page\" data-elementor-id=\"33\" class=\"elementor elementor-33\" data-elementor-settings=\"{&quot;ha_cmc_init_switcher&quot;:&quot;no&quot;}\">\n\t\t\t\t\t\t<section class=\"elementor-section elementor-top-section elementor-element elementor-element-c56ccff elementor-section-boxed elementor-section-height-default elementor-section-height-default\" data-id=\"c56ccff\" data-element_type=\"section\" data-settings=\"{&quot;_ha_eqh_enable&quot;:false}\">\n\t\t\t\t\t\t<div class=\"elementor-container elementor-column-gap-default\">\n\t\t\t\t\t<div class=\"elementor-column elementor-col-100 elementor-top-column elementor-element elementor-element-ebb81b9\" data-id=\"ebb81b9\" data-element_type=\"column\">\n\t\t\t<div class=\"elementor-widget-wrap\">\n\t\t\t\t\t\t\t<\/div>\n\t\t<\/div>\n\t\t\t\t\t<\/div>\n\t\t<\/section>\n\t\t\t\t<section class=\"elementor-section elementor-top-section elementor-element elementor-element-9c0ce06 elementor-section-boxed elementor-section-height-default elementor-section-height-default\" data-id=\"9c0ce06\" data-element_type=\"section\" data-settings=\"{&quot;_ha_eqh_enable&quot;:false}\">\n\t\t\t\t\t\t<div class=\"elementor-container elementor-column-gap-default\">\n\t\t\t\t\t<div class=\"elementor-column elementor-col-50 elementor-top-column elementor-element elementor-element-d9dadff\" data-id=\"d9dadff\" data-element_type=\"column\">\n\t\t\t<div class=\"elementor-widget-wrap elementor-element-populated\">\n\t\t\t\t\t\t<div class=\"elementor-element elementor-element-39d8b44 elementor-widget elementor-widget-image\" data-id=\"39d8b44\" data-element_type=\"widget\" data-widget_type=\"image.default\">\n\t\t\t\t<div class=\"elementor-widget-container\">\n\t\t\t\t\t\t\t\t\t\t\t\t\t<img fetchpriority=\"high\" decoding=\"async\" width=\"720\" height=\"479\" src=\"https:\/\/tezza.homes\/wp-content\/uploads\/2022\/07\/Construccion-1.jpg\" class=\"attachment-large size-large wp-image-779\" alt=\"\" srcset=\"https:\/\/tezza.homes\/wp-content\/uploads\/2022\/07\/Construccion-1.jpg 850w, https:\/\/tezza.homes\/wp-content\/uploads\/2022\/07\/Construccion-1-300x200.jpg 300w, https:\/\/tezza.homes\/wp-content\/uploads\/2022\/07\/Construccion-1-768x511.jpg 768w, https:\/\/tezza.homes\/wp-content\/uploads\/2022\/07\/Construccion-1-272x182.jpg 272w\" sizes=\"(max-width: 720px) 100vw, 720px\" \/>\t\t\t\t\t\t\t\t\t\t\t\t\t<\/div>\n\t\t\t\t<\/div>\n\t\t\t\t<div class=\"elementor-element elementor-element-a1a397e elementor-widget elementor-widget-image\" data-id=\"a1a397e\" data-element_type=\"widget\" data-widget_type=\"image.default\">\n\t\t\t\t<div class=\"elementor-widget-container\">\n\t\t\t\t\t\t\t\t\t\t\t\t\t<img decoding=\"async\" width=\"720\" height=\"441\" src=\"https:\/\/tezza.homes\/wp-content\/uploads\/2022\/07\/Construccion-2.jpg\" class=\"attachment-large size-large wp-image-780\" alt=\"\" srcset=\"https:\/\/tezza.homes\/wp-content\/uploads\/2022\/07\/Construccion-2.jpg 850w, https:\/\/tezza.homes\/wp-content\/uploads\/2022\/07\/Construccion-2-300x184.jpg 300w, https:\/\/tezza.homes\/wp-content\/uploads\/2022\/07\/Construccion-2-768x471.jpg 768w\" sizes=\"(max-width: 720px) 100vw, 720px\" \/>\t\t\t\t\t\t\t\t\t\t\t\t\t<\/div>\n\t\t\t\t<\/div>\n\t\t\t\t\t<\/div>\n\t\t<\/div>\n\t\t\t\t<div class=\"elementor-column elementor-col-50 elementor-top-column elementor-element elementor-element-e0f5dd4\" data-id=\"e0f5dd4\" data-element_type=\"column\">\n\t\t\t<div class=\"elementor-widget-wrap elementor-element-populated\">\n\t\t\t\t\t\t<div class=\"elementor-element elementor-element-c656f18 elementor-widget elementor-widget-text-editor\" data-id=\"c656f18\" data-element_type=\"widget\" data-widget_type=\"text-editor.default\">\n\t\t\t\t<div class=\"elementor-widget-container\">\n\t\t\t\t\t\t\t<p><strong>TEZZA<\/strong> es una empresa de servicios de arquitectura e ingenier\u00eda, que promueve y desarrolla proyectos y soluciones inmobiliarias innovadoras y competitivas de acuerdo con el mercado y con las necesidades reales de nuestros clientes, respetando siempre sus gustos y preferencias.<\/p><p>Pilares fundamentales como nuestro capital intelectual y la experiencia de nuestros arquitectos e ingenieros permiten la realizaci\u00f3n de proyectos, as\u00ed como la construcci\u00f3n de todo tipo de obras arquitect\u00f3nicas, civiles, comerciales, institucionales e industriales.<\/p><p>Desarrollamos todas las actividades del negocio inmobiliario, desde la investigaci\u00f3n del mercado, el dise\u00f1o y la coordinaci\u00f3n de proyectos, incluyendo la construcci\u00f3n, remodelaci\u00f3n, comercializaci\u00f3n y venta, lo cual nos permite tener una mejor oferta de servicios y una econom\u00eda de escala en las zonas de operaci\u00f3n, entregando soluciones efectivas para nuestros clientes de en los diferentes segmentos socioecon\u00f3micos.<\/p><p>Tenemos una atractiva propuesta de valor agregado en t\u00e9rminos de precio, calidad y capacidad de ejecuci\u00f3n de nuevos proyectos, brindando soluciones espec\u00edficas para cada requerimiento y aplicando toda la experiencia, la imaginaci\u00f3n, el buen gusto y la calidad en nuestros servicios con el objeto de construir relaciones permanentes a largo plazo con nuestros clientes.<\/p><p>El desarrollo de las relaciones cercanas que se construyen con nuestros clientes y nuestro equipo tienen como base la transparencia y confianza.<\/p>\t\t\t\t\t\t<\/div>\n\t\t\t\t<\/div>\n\t\t\t\t\t<\/div>\n\t\t<\/div>\n\t\t\t\t\t<\/div>\n\t\t<\/section>\n\t\t\t\t<section class=\"elementor-section elementor-top-section elementor-element elementor-element-34c149e elementor-section-boxed elementor-section-height-default elementor-section-height-default\" data-id=\"34c149e\" data-element_type=\"section\" data-settings=\"{&quot;_ha_eqh_enable&quot;:false}\">\n\t\t\t\t\t\t<div class=\"elementor-container elementor-column-gap-default\">\n\t\t\t\t\t<div class=\"elementor-column elementor-col-100 elementor-top-column elementor-element elementor-element-6936a40\" data-id=\"6936a40\" data-element_type=\"column\">\n\t\t\t<div class=\"elementor-widget-wrap\">\n\t\t\t\t\t\t\t<\/div>\n\t\t<\/div>\n\t\t\t\t\t<\/div>\n\t\t<\/section>\n\t\t\t\t<\/div>\n\t\t","protected":false},"excerpt":{"rendered":"<p>TEZZA es una empresa de servicios de arquitectura e ingenier\u00eda, que promueve y desarrolla proyectos y soluciones inmobiliarias innovadoras y competitivas de acuerdo con el mercado y con las necesidades reales de nuestros clientes, respetando siempre sus gustos y preferencias. Pilares fundamentales como nuestro capital intelectual y la experiencia de nuestros arquitectos e ingenieros permiten [&hellip;]<\/p>\n","protected":false},"author":1,"featured_media":0,"parent":0,"menu_order":0,"comment_status":"closed","ping_status":"closed","template":"","meta":{"footnotes":""},"class_list":["post-33","page","type-page","status-publish","hentry","post"],"_links":{"self":[{"href":"https:\/\/tezza.homes\/index.php?rest_route=\/wp\/v2\/pages\/33","targetHints":{"allow":["GET"]}}],"collection":[{"href":"https:\/\/tezza.homes\/index.php?rest_route=\/wp\/v2\/pages"}],"about":[{"href":"https:\/\/tezza.homes\/index.php?rest_route=\/wp\/v2\/types\/page"}],"author":[{"embeddable":true,"href":"https:\/\/tezza.homes\/index.php?rest_route=\/wp\/v2\/users\/1"}],"replies":[{"embeddable":true,"href":"https:\/\/tezza.homes\/index.php?rest_route=%2Fwp%2Fv2%2Fcomments&post=33"}],"version-history":[{"count":41,"href":"https:\/\/tezza.homes\/index.php?rest_route=\/wp\/v2\/pages\/33\/revisions"}],"predecessor-version":[{"id":799,"href":"https:\/\/tezza.homes\/index.php?rest_route=\/wp\/v2\/pages\/33\/revisions\/799"}],"wp:attachment":[{"href":"https:\/\/tezza.homes\/index.php?rest_route=%2Fwp%2Fv2%2Fmedia&parent=33"}],"curies":[{"name":"wp","href":"https:\/\/api.w.org\/{rel}","templated":true}]}}